{"id":39,"date":"2022-06-10T12:19:05","date_gmt":"2022-06-10T10:19:05","guid":{"rendered":"https:\/\/milchzahn-co.de\/neu\/?page_id=39-old"},"modified":"2022-12-07T10:32:00","modified_gmt":"2022-12-07T09:32:00","slug":"behandlungen","status":"publish","type":"page","link":"https:\/\/milchzahn-co.de\/neu\/behandlungen\/","title":{"rendered":"Behandlungsmethoden"},"content":{"rendered":"<div  data-label=\"Methoden\" data-id=\"overlappable--1\" data-export-id=\"overlappable-1\" data-category=\"overlappable\" class=\"overlappable-1 content-section content-section-spacing content-relative\" data-overlap=\"true\" id=\"methoden\" style=\"background-color: rgb(255, 255, 255);\"><div  class=\"gridContainer\"> <div  data-type=\"row\" class=\"row shadow-medium content-center-sm center-sm\"><div  data-type=\"column\" class=\"col-xs-12 col-sm-4 flexcol col-padding col-padding-small-xs col-md-12 bg-color5\">  <h5  class=\"\"><span  style=\"text-decoration: underline; font-family: Muli, arial, helvetica, sans-serif;\"><span  style=\"color: rgb(0, 0, 0); font-weight: 900; text-decoration: underline;\">Verhaltensf\u00fchrung und Hypnose<\/span><\/span><\/h5> <p  class=\"\"><span  style=\"color: rgb(0, 0, 0);\">Der Zahnarztbesuch soll sowohl f\u00fcr Ihr Kind als auch f\u00fcr Sie als Eltern so angenehm wie m\u00f6glich verlaufen. Dazu arbeiten wir unter anderem mit Verhaltensf\u00fchrung und Kinderhypnose. Dies dient dazu, das Kind von der eigentlichen Behandlung abzulenken und ein positives Gef\u00fchl zu erzeugen.<\/span><br ><span  style=\"color: rgb(0, 0, 0);\">\nWenn Kinder ganz in ihrer Spiel- und Phantasiewelt versunken sind, befinden sie sich in einem trance\u00e4hnlichen Zustand. \u00c4hnlich ist es auch in der Hypnose. Um diesen trance\u00e4hnlichen Zustand zu erreichen, erz\u00e4hlen wir Geschichten, zaubern oder zeigen lustige Kindercomics auf unseren Deckenmonitoren, damit das Kind alles um sich herum vergisst und mit seiner Aufmerksamkeit von der Zahnbehandlung fortgef\u00fchrt wird.<\/span><br ><span  style=\"color: rgb(0, 0, 0);\">\nW\u00e4hrend der Behandlung werden nur positive Begriffe verwendet: so werden die Z\u00e4hne geputzt oder gekitzelt und d\u00fcrfen vorher mit Hilfe von bunten Traumkugeln \u201eeinschlafen\u201c, damit sie nichts davon mitbekommen.<\/span><br ><span  style=\"color: rgb(0, 0, 0);\">\nBitte unterst\u00fctzen Sie uns dadurch, dass auch Sie sich an unsere Begriffe halten und uns die F\u00fchrung Ihres Kindes w\u00e4hrend der Behandlung \u00fcberlassen. Unser Ziel ist es, dass Ihr Kind gerne wiederkommt!<\/span><\/p> <img decoding=\"async\"  class=\"custom-image\" src=\"https:\/\/milchzahn-co.de\/neu\/wp-content\/uploads\/2022\/07\/cropped-cropped-IMG_2384-scaled-3-e1659703030527.jpeg\" title=\"IMG_2384\" alt=\"\"><\/div> <div  data-type=\"column\" class=\"col-xs-12 col-sm-4 flexcol bg-color2 col-padding col-padding-small-xs inverted col-md-12\"> <h5  class=\"inverted\"><span  style=\"text-decoration: underline;\"><span  style=\"font-weight: 900;\">\u00d6rtliche Bet\u00e4ubung<\/span><\/span><\/h5> <p  class=\"\">Eine \u00f6rtliche Bet\u00e4ubung des zu behandelnden Zahnes ist bei vielen Eingriffen notwendig, um eine schmerzfreie Behandlung zu gew\u00e4hrleisten. Deshalb tragen wir an der entsprechenden Stelle ein nach Frucht schmeckendes Gel (Oberfl\u00e4chenan\u00e4sthetikum) \u2013 unsere \u201eZahnmarmelade\u201c \u2013 auf, und nehmen Ihrem Kind somit den spitzen Einstichsschmerz. Jetzt kann an der unempfindlich gemachten Stelle das An\u00e4sthetikum \u2013 unser \u201eSchlafwasser\u201c \u2013 infiltriert werden. Nach nur kurzer Zeit stellt sich ein taubes Gef\u00fchl der Z\u00e4hne und Lippe ein \u2013 \u201edie Z\u00e4hne schlafen\u201c.<\/p> <\/div>  <div  data-type=\"column\" class=\"col-xs-12 col-sm-4 flexcol col-padding col-padding-small-xs col-md-12 bg-color3\">  <h5  class=\"\"><span  style=\"text-decoration: underline;\"><span  style=\"color: rgb(0, 0, 0); font-weight: 900; text-decoration: underline;\">Narkose<\/span><\/span><\/h5> <p  class=\"\"><span  style=\"color: rgb(0, 0, 0);\">Blauer Traum \u2013 nix gemerkt!<\/span><br ><span  style=\"color: rgb(0, 0, 0);\">\nDie Narkose ist bei einigen Kindern der beste Weg eine Zahnsanierung durchzuf\u00fchren. Gerade bei sehr kleinen Kindern mit umfangreicher Zerst\u00f6rung der Milchz\u00e4hne (Fl\u00e4schchenkaries) und bei behandlungsunwilligen Kindern mit vielen sehr stark zerst\u00f6rten Z\u00e4hnen ist aufgrund mangelnder Kooperation eine Zahnsanierung in einer Sitzung mit Intubationsnarkose sinnvoll.<\/span><br ><span  style=\"color: rgb(0, 0, 0);\">\n\n<br >Nach eingehender Voruntersuchung durch einen Kinderarzt und einem Aufkl\u00e4rungsgespr\u00e4ch mit einem unserer erfahrenen An\u00e4sthesisten f\u00fchren wir diese Behandlungen in unseren eigens daf\u00fcr ausgestatteten Praxisr\u00e4umen durch. Am Tag der Behandlung muss das Kind n\u00fcchtern sein. Es bekommt ca. eine halbe Stunde bevor der An\u00e4sthesist die eigentliche Narkose einleitet, einen angstl\u00f6senden Beruhigungssaft. Erst wenn es dann tief schl\u00e4ft, verlassen die Eltern den OP. \n<br >\n<br >Der Narkosearzt und eine An\u00e4sthesieschwester betreuen den kleinen Patienten w\u00e4hrend der gesamten Narkose. Nach dem Eingriff kommt das Kind in Begleitung seiner Eltern ins Aufwachzimmer, wo es sich gem\u00fctlich ausschlafen kann, bis der An\u00e4sthesist es nach ca. 1 \u2013 2 Stunden entl\u00e4sst.<\/span><br ><span  style=\"color: rgb(0, 0, 0);\">\n\n<br >Bei einer Behandlung in Narkose werden grunds\u00e4tzlich alle Z\u00e4hne optimal versorgt, um das Kind m\u00f6glichst lange von einer Behandlungsnotwendigkeit zu befreien und einen sonst ggf. notwendig werdenden Zweiteingriff zu vermeiden.<\/span><\/p> <img decoding=\"async\"  class=\"custom-image\" src=\"https:\/\/milchzahn-co.de\/neu\/wp-content\/uploads\/2022\/06\/cropped-cropped-cropped-cropped-O5T6093-768x512-1.jpg\" title=\"O5T6093-768x512\" alt=\"\"><\/div><\/div><\/div> <\/div>","protected":false},"excerpt":{"rendered":"<p>Verhaltensf\u00fchrung und Hypnose Der Zahnarztbesuch soll sowohl f\u00fcr Ihr Kind als auch f\u00fcr Sie als Eltern so angenehm wie m\u00f6glich verlaufen. Dazu arbeiten wir unter anderem mit Verhaltensf\u00fchrung und Kinderhypnose. Dies dient dazu, das Kind von der eigentlichen Behandlung abzulenken und ein positives Gef\u00fchl zu erzeugen. Wenn Kinder ganz in ihrer Spiel- und Phantasiewelt versunken&hellip; <br \/> <a class=\"read-more\" href=\"https:\/\/milchzahn-co.de\/neu\/behandlungen\/\">Weiterlesen<\/a><\/p>\n","protected":false},"author":1,"featured_media":0,"parent":0,"menu_order":0,"comment_status":"closed","ping_status":"closed","template":"pro\/page-templates\/full-width-page.php","meta":{"footnotes":""},"class_list":["post-39","page","type-page","status-publish","hentry"],"_links":{"self":[{"href":"https:\/\/milchzahn-co.de\/neu\/wp-json\/wp\/v2\/pages\/39","targetHints":{"allow":["GET"]}}],"collection":[{"href":"https:\/\/milchzahn-co.de\/neu\/wp-json\/wp\/v2\/pages"}],"about":[{"href":"https:\/\/milchzahn-co.de\/neu\/wp-json\/wp\/v2\/types\/page"}],"author":[{"embeddable":true,"href":"https:\/\/milchzahn-co.de\/neu\/wp-json\/wp\/v2\/users\/1"}],"replies":[{"embeddable":true,"href":"https:\/\/milchzahn-co.de\/neu\/wp-json\/wp\/v2\/comments?post=39"}],"version-history":[{"count":13,"href":"https:\/\/milchzahn-co.de\/neu\/wp-json\/wp\/v2\/pages\/39\/revisions"}],"predecessor-version":[{"id":1195,"href":"https:\/\/milchzahn-co.de\/neu\/wp-json\/wp\/v2\/pages\/39\/revisions\/1195"}],"wp:attachment":[{"href":"https:\/\/milchzahn-co.de\/neu\/wp-json\/wp\/v2\/media?parent=39"}],"curies":[{"name":"wp","href":"https:\/\/api.w.org\/{rel}","templated":true}]}}