{"id":591,"date":"2018-07-05T08:06:54","date_gmt":"2018-07-05T08:06:54","guid":{"rendered":"http:\/\/pixelcool.go.ro\/extend\/mesme-2\/?page_id=6"},"modified":"2025-09-15T11:09:14","modified_gmt":"2025-09-15T09:09:14","slug":"mesmerize-pro","status":"publish","type":"page","link":"https:\/\/milchzahn-co.de\/neu\/","title":{"rendered":"Willkommen bei Milchzahn&#038;Co"},"content":{"rendered":"<div  data-label=\"About\" data-id=\"features-16\" data-export-id=\"features-16\" data-category=\"features\" class=\"features-16 content-section content-section-spacing\" id=\"about\" style=\"background-color: #ffffff;\">\n<div  class=\"gridContainer\">\n<div  class=\"row text-center\">\n<div  class=\"section-title-col\" data-type=\"column\">\n<h2  class=\"\"><span  style=\"font-family: Playfair Display, arial, helvetica, sans-serif;\">Liebe Eltern, liebe Kinder<\/span><\/h2>\n<p  class=\"lead\">Auf diesen Seiten m\u00f6chten wir Euch \u00fcber unsere Praxis und unser<br >\nmodernes Behandlungskonzept informieren.<br >\n\n<br >In unserer Praxis speziell f\u00fcr Kinder und Teenager stehen die Kinder im Mittelpunkt. Denn kindgerecht und mit jeder Menge Spa\u00df f\u00fchren wir unsere kleinen Patienten an die zahn\u00e4rztliche Behandlung heran. Dabei ber\u00fccksichtigen wir die kindliche Psyche ebenso wie die zahn\u00e4rztlichen Besonderheiten im Milch- und Wechselgebiss.<br >\n\n<br >Denn nur eine erfolgreiche Kinderzahnheilkunde legt den Grundstein f\u00fcr eine langfristige Zahngesundheit.<br >\n\n<br ><span  style=\"font-weight: 900;\">Unser Ziel:<\/span> ein strahlendes Kinderlachen und sch\u00f6ne gesunde Z\u00e4hne<br >\nein Leben lang \u2013 vom ersten Milchzahn bis ins hohe Alter!<br >\n\n<br ><span  style=\"font-weight: 600; color: rgb(233, 9, 135); font-family: Muli, arial, helvetica, sans-serif;\">Zahnarzt macht Spa\u00df <\/span><\/p>\n\n<\/div>\n<\/div>\n<div  class=\"row spaced-cols\" data-type=\"row\">\n<div  class=\"col-xs-12 col-sm-6 space-bottom col-md-12 \">\n\n<img  decoding=\"async\" class=\"face\" src=\"https:\/\/milchzahn-co.de\/neu\/wp-content\/uploads\/2022\/08\/Bildschirmfoto-2022-08-12-um-13.54.54.png\" title=\"minis\" alt=\"\">\n<div  data-type=\"column\" class=\"col-padding-small col-padding-small-xs description-container\">\n\n\n\n\n<img  decoding=\"async\" class=\"custom-image\" src=\"https:\/\/milchzahn-co.de\/wp-content\/uploads\/2022\/09\/Bildschirmfoto-2022-08-12-um-13.54.54.png\" title=\"Bildschirmfoto 2022-08-12 um 13.54.54\" alt=\"\"><\/div>\n<\/div>\n\n\n<\/div>\n<\/div>\n<\/div><div  data-label=\"Kontakt\" data-id=\"content--2\" data-export-id=\"content-8\" data-category=\"content\" class=\"content-8 content-section content-section-spacing\" id=\"kontakt\" style=\"background-color: rgb(255, 255, 255);\"><div  class=\"gridContainer\"> <div  class=\"row middle-sm\"><div  class=\"col-sm-6 space-bottom-xs space-top-xs\" data-type=\"column\"><img  decoding=\"async\" class=\"custom-image\" src=\"https:\/\/milchzahn-co.de\/wp-content\/uploads\/2022\/06\/cropped-cropped-cropped-cropped-O5T6267-683x1024-1-1.jpg\" title=\"O5T6267-683x1024\" alt=\"\"> <\/div> <div  class=\"col-sm-6\" data-type=\"column\"><h2  class=\"\">So finden Sie uns!<\/h2>  <div  data-editable=\"true\" data-name=\"ope-custom-content-shortcode\" data-content-shortcode=\"business-hours style=&quot;2&quot;\" class=\"\">\n<div class=\"bh-page\">\n\t<div class=\"widget_item strappy\">\n\t\t<div class=\"widget_3\">\n\t\t\t\n\t\t\n\t\t\t\n\t\t\t\n\t\t\t<div class=\"container-fluid\">\n\t\t\t\t<div class=\"widget_header\" style=\"background-color: #bae525; color: white;\">\n\t\t\t\t\n\t\t\t\t\t\n\n\t\t\t\t\t<div class=\"row\">\n\t\t\t\t\t\t<div class=\"col-md-4 col-sm-2 col-xs-12\">\n\t\t\t\t\t\t\t<div class=\"header_icon\">\n\t\t\t\t\t\t\t\t<div class=\"width_35_per\">\n\t\t\t\t\t\t\t\t\t<i class=\"fa fa-clock-o fa-5x\" aria-hidden=\"true\"><\/i>\n\t\t\t\t\t\t\t\t<\/div>\n\t\t\t\t\t\t\t<\/div>\n\t\t\t\t\t\t<\/div>\n\t\t\t\t\t\t\n\t\t\t\t\t\t<div class=\"col-md-8 col-sm-8 col-xs-12\">\n\t\t\t\t\t\t\t<div class=\"header_working_schedule pad_lf_rgh_none\">\n\t\t\t\t\t\t\t\t<p class=\"today\">\n\t\t\t\t\t\t\t\t\t<span class=\"text-uppercase\">Aktuell<\/span>\n\n\t\t\t\t\t\t\t\t\t<span class=\"badge\" style=\"background-color: #83e1e7; color: black\">Jetzt Ge\u00f6ffnet!<\/span>\t\t\t\t\t\t\t\t<\/p>\n\t\t\t\t\t\t\t\t<div class=\"working_hours working_days\">\n\t\t\t\t\t\t\t\t\t\n\n<!-- xplodeit --><div class=\"col-xs-12\"><span class=\"weekdays\">Mo - Do:<\/span><span class=\"times\"><span>9:00 - 12:00<\/span><span>13:00 - 18:00<\/span><\/span>\n<\/div>\n\n\n\n<!-- xplodeit --><div class=\"col-xs-12\"><span class=\"weekdays\">Fr - So:<\/span><span class=\"times\">Geschlossen<\/span>\n<\/div>\n\n\t\t\t\t\t\t\t\t<\/div>\n\t\t\t\t\t\t\t<\/div>\n\t\t\t\t\t\t<\/div>\n\t\t\t\t\t\t\n\t\t\t\t\t<\/div>\n\t\t\t\t<\/div>\n\t\t\t<\/div>\n\t\t\t\n\t\t\t<div class=\"container-fluid\">\n\t\t\t\t<div class=\"widget_body clear_fix\" style=\"background-color: #ef098c; color: white;\">\n\t\t\t\t\t<div class=\"col-6\">\n\t\t\t\t\t\t<div class=\"company_name margin_bt_25\">\n\t\t\t\t\t\t\t<p class=\"text-uppercase margin_none font_bold font_size_18\" style=\"color: white;\">\n\t\t\t\t\t\t\t\tMilchzahn &amp; Co.\t\t\t\t\t\t\t<\/p>\n\n\t\t\t\t\t\t\t<p class=\"text-capitalize margin_none\">\n\t\t\t\t\t\t\t\tDr. Marisa Gr\u00f6tsch\t\t\t\t\t\t\t<\/p>\n\t\t\t\t\t\t<\/div>\n\t\t\t\t\t\t<div class=\"company_details\">\n\t\t\t\t\t\t\t<p class=\"phone\"><span>Telefon: <\/span><span>(089) 232 385 91<\/span><\/p>\n\t\t\t\t\t\t\t<p class=\"fax margin_none\"><span class=\"fax_first_child\">Fax:<\/span><span>(089) 232 385 92<\/span><\/p>\n\t\t\t\t\t\t<\/div>\n\t\t\t\t\t<\/div>\n\t\t\t\t\t<div class=\"col-6\">\n\t\t\t\t\t\t<div class=\"company_details margin_bt_25\">\n\t\t\t\t\t\t\t\n\t\t\t\t\t\t\t\n\t\t\t\t\t\t<\/div>\n\n\n\t\t\t\t\t\t<div class=\"company_details\">\n\t\t\t\t\t\t\t<p class=\"address margin_none\"><span>Ottostra\u00dfe 8<\/span><br><span>85521 Ottobrunn<\/span>\t\t\t\t\t\t<\/div>\n\t\t\t\t\t<\/div>\n\t\t\t\t<\/div>\n\t\t\t<\/div>\n\t\t\t\n\t\t\t<div class=\"container-fluid\">\n\t\t\t\t<div class=\"text-center widget_footer\" style=\"background-color: #bae525; color: black;\">\n\t\t\t\t\t<p class=\"margin_none force-center\">\n\t\t\t\t\t\t\t\t\t\t\t<\/p>\n\t\t\t\t<\/div>\n\t\t\t<\/div>\n\n            <div class=\"row\">\n                <div class=\"col-xs-7\">\n                    <!-- empty -->\n                <\/div>\n                <div class=\"col-xs-5\">\n                    <p class=\"powerdby\">Powered by crosswordsolver.com<\/p>\n                <\/div>\n            <\/div>\n\t\t\t\t\n\t\t<\/div>\n\t<\/div>\n<\/div><\/div><p  class=\"\" style=\"text-align: center;\"><span  style=\"color: rgb(0, 0, 0);\">Unsere telefonischen Sprechzeiten sind \n<\/span><br ><span  style=\"color: rgb(0, 0, 0);\"><span  style=\"font-weight: 700;\">Montag \u2013 Donnerstag<\/span> von&nbsp;<span  style=\"font-weight: 700;\">09:00 bis 11:30 Uhr<\/span> und <span  style=\"font-weight: 700;\">13:00 bis 17:30 Uhr<\/span><\/span><\/p><p  class=\"\" style=\"text-align: center;\"><span  style=\"font-weight: 700; color: rgb(133, 95, 168);\">In den Ferien k\u00f6nnen unsere \u00d6ffnungszeiten sowie die telefonischen Sprechzeiten  abweichen und wir sind in der Regel \n<\/span><br ><span  style=\"font-weight: 700; color: rgb(133, 95, 168);\">Mo \u2013 Do von 08:00 \u2013 15:00 Uhr f\u00fcr euch da.<\/span><\/p><h2  class=\"\" style=\"text-align: center;\">Noch Fragen?<\/h2><p  class=\"lead\" style=\"text-align: center;\">Schreiben Sie uns gerne eine Mail an <span  style=\"font-weight: 700;\"><a  data-mce-href=\"mailto:info@milchzahn-co.de\" href=\"mailto:info@milchzahn-co.de\" target=\"_self\" data-mce-selected=\"inline-boundary\" data-cp-link=\"1\" rel=\"noopener\">info@milchzahn-co.de<\/a><\/span><\/p><\/div> <\/div><\/div> <\/div><div  data-label=\"Karte\" data-id=\"contact--4\" data-export-id=\"contact-4\" data-category=\"contact\" class=\"contact-4 content-section\" id=\"karte\" style=\"background-color: rgb(245, 250, 253);\"><div  class=\"\"> <div  class=\"row\"><div  class=\"col-xs-12 no-gutter-col\"> <div  data-content-shortcode=\"mesmerize_maps address=&quot;Ottostra\u00dfe 8 Ottobrunn&quot; zoom=&quot;65&quot;\" data-editable=\"true\" class=\"\">        <div class=\"mesmerize-google-maps\" style=\"width:100%\">\n            <iframe style=\"width:100%; height:100%;min-height:inherit;display:block;\" src=\"https:\/\/www.google.com\/maps\/embed\/v1\/place?key=AIzaSyBIxWPXVBngVq8vH7XdwLKV9Z73zk0K-1c&#038;q=Ottostra\u00dfe%208%20Ottobrunn&#038;zoom=14\"><\/iframe>\n        <\/div>\n    <\/div><\/div> <\/div><\/div> <\/div>","protected":false},"excerpt":{"rendered":"<p>Liebe Eltern, liebe Kinder Auf diesen Seiten m\u00f6chten wir Euch \u00fcber unsere Praxis und unser modernes Behandlungskonzept informieren. In unserer Praxis speziell f\u00fcr Kinder und Teenager stehen die Kinder im Mittelpunkt. Denn kindgerecht und mit jeder Menge Spa\u00df f\u00fchren wir unsere kleinen Patienten an die zahn\u00e4rztliche Behandlung heran. Dabei ber\u00fccksichtigen wir die kindliche Psyche ebenso&hellip; <br \/> <a class=\"read-more\" href=\"https:\/\/milchzahn-co.de\/neu\/\">Weiterlesen<\/a><\/p>\n","protected":false},"author":1,"featured_media":0,"parent":0,"menu_order":0,"comment_status":"closed","ping_status":"closed","template":"page-templates\/homepage.php","meta":{"footnotes":""},"class_list":["post-591","page","type-page","status-publish","hentry"],"_links":{"self":[{"href":"https:\/\/milchzahn-co.de\/neu\/wp-json\/wp\/v2\/pages\/591","targetHints":{"allow":["GET"]}}],"collection":[{"href":"https:\/\/milchzahn-co.de\/neu\/wp-json\/wp\/v2\/pages"}],"about":[{"href":"https:\/\/milchzahn-co.de\/neu\/wp-json\/wp\/v2\/types\/page"}],"author":[{"embeddable":true,"href":"https:\/\/milchzahn-co.de\/neu\/wp-json\/wp\/v2\/users\/1"}],"replies":[{"embeddable":true,"href":"https:\/\/milchzahn-co.de\/neu\/wp-json\/wp\/v2\/comments?post=591"}],"version-history":[{"count":53,"href":"https:\/\/milchzahn-co.de\/neu\/wp-json\/wp\/v2\/pages\/591\/revisions"}],"predecessor-version":[{"id":1347,"href":"https:\/\/milchzahn-co.de\/neu\/wp-json\/wp\/v2\/pages\/591\/revisions\/1347"}],"wp:attachment":[{"href":"https:\/\/milchzahn-co.de\/neu\/wp-json\/wp\/v2\/media?parent=591"}],"curies":[{"name":"wp","href":"https:\/\/api.w.org\/{rel}","templated":true}]}}