{"id":696,"date":"2022-06-10T16:56:43","date_gmt":"2022-06-10T14:56:43","guid":{"rendered":"https:\/\/milchzahn-co.de\/neu\/?page_id=696"},"modified":"2025-12-09T11:49:31","modified_gmt":"2025-12-09T10:49:31","slug":"der-1-besuch-bei-uns","status":"publish","type":"page","link":"https:\/\/milchzahn-co.de\/neu\/der-1-besuch-bei-uns\/","title":{"rendered":"Der 1. Besuch bei uns"},"content":{"rendered":"<div  data-label=\"About\" data-id=\"about--2\" data-export-id=\"about-10\" data-category=\"about\" class=\"about-10 content-section content-section-spacing\" id=\"about-1\" style=\"background-color: rgb(255, 255, 255); background-image: none;\"><div  class=\"gridContainer\"> <div  class=\"row middle-sm text-center\"><div  class=\"col-sm-5 space-bottom-xs content-column\" data-type=\"column\">  <h2  class=\"\"><span  style=\"font-weight: 700;\" href=\"#\">Liebe<\/span><span  style=\"font-family: Playfair Display,sans-serif; font-weight: 700; font-style: italic;\" href=\"#\">Eltern,<\/span><\/h2> <p  class=\"\">Beim ersten Termin haben Sie und ihr Kind die M\u00f6glichkeit, unsere Praxis und uns kennenzulernen und somit Vertrauen aufzubauen. \n<br >\n<br >Nach der zahn\u00e4rztlichen Diagnose und Einsch\u00e4tzung der Behandlungsbereitschaft Ihres Kindes werden in einem ausf\u00fchrlichen Beratungsgespr\u00e4ch die individuelle Therapie und weitere Betreuung gemeinsam geplant.\n<br ><br ><span  style=\"font-weight: 700;\">In der Regel findet also beim 1. Besuch keine Zahnbehandlung Ihres Kindes statt.<\/span>\n<br ><br >Dabei sind wir auf Ihre Mithilfe angewiesen! Nur durch eine gute Zusammenarbeit zwischen Ihnen und dem Praxisteam ist eine erfolgversprechende Behandlung m\u00f6glich.<\/p> <p  class=\"\"><span  style=\"font-weight: 700;\">Gerne k\u00f6nnen Sie bereits im Vorfeld die erforderlichen Anmelde- und Anamneseb\u00f6gen sowie die Einverst\u00e4ndniserkl\u00e4rung f\u00fcr unser Abrechenzentrum f\u00fcr Ihr Kind ausf\u00fcllen und zum Termin mit in die Praxis bringen.<\/span><\/p><a  class=\"button color1\" href=\"https:\/\/milchzahn-co.de\/wp-content\/uploads\/2025\/03\/Aufnahmebogen-1.pdf\" target=\"_blank\" data-cp-link=\"1\" data-icon=\"fa-file-text-o\" rel=\"noopener\"><span  class=\"button-icon fa fa-file-text-o\"><\/span>Aufnahmebogen<\/a><a  class=\"button color2\" href=\"https:\/\/milchzahn-co.de\/wp-content\/uploads\/2025\/12\/Ernaehrung-Mundhygiene.pdf\" target=\"_blank\" data-cp-link=\"1\" data-icon=\"fa-lemon-o\"><span class=\"button-icon fa fa-lemon-o\" ><\/span>Fragebogen zur Ern\u00e4hrung des Kindes<\/a><p  class=\"\"><span  style=\"font-weight: 900; color: rgb(233, 9, 135);\">Bitte kommen Sie beim ersten Besuch ca. 10 Minuten vor dem eigentlichen Termin in unsere Praxis, wenn sie den Anmeldebogen nicht bereits zu Hause ausgef\u00fcllt haben.<\/span><\/p><\/div> <div  class=\"col-sm-7 flexbox middle-xs center-xs space-bottom-xs\"><div  class=\"overlay-box middle-xs center-xs flexbox\"> <div  class=\"overlay-box-offset offset-border shadow-medium border-color1 hide-xs\"><\/div> <img  decoding=\"async\" class=\"shadow-large\" data-size=\"485x705\" src=\"https:\/\/milchzahn-co.de\/wp-content\/uploads\/2022\/06\/cropped-cropped-O5T6021-768x512-1.jpg\" title=\"O5T6021-768x512\" alt=\"\"><\/div> <\/div><\/div> <\/div><\/div><div  data-label=\"Features\" data-id=\"features--1\" data-export-id=\"features-12\" data-category=\"features\" class=\"features-12 content-section content-section-spacing\" id=\"features-1\" style=\"background-color: rgb(255, 255, 255); background-image: none;\"><div  class=\"gridContainer\"> <div  class=\"row text-center\"><div  class=\"section-title-col\" data-type=\"column\"> <h2  class=\"\">Einige Tipps, damit der 1. Besuch zum Erfolg wird<\/h2> <p  class=\"lead\">Sollte Ihr Kind bereits Zahnarzterfahrungen gemacht haben, \u00fcber die Sie vorab mit uns sprechen m\u00f6chten, wenden Sie sich vertrauensvoll an unser Team.<\/p><\/div> <\/div> <div  class=\"row spaced-cols start-sm content-left-sm\" data-type=\"row\"> <div  class=\"col-sm-6 col-md-6 \"> <div  class=\"row space-bottom\"> <div  class=\"col-sm-fit icon-column\"> <i  class=\"fa icon fa-child bordered round color2\"><\/i> <\/div> <div  class=\"col-sm\" data-type=\"column\"> <h5  class=\"color2\">Informieren Sie uns \u00fcber Besonderheiten Ihres Kindes!<\/h5> <p  class=\"\">So k\u00f6nnen wir uns optimal auf Ihr Kind einstellen.<\/p><\/div> <\/div><\/div> <div  class=\"col-sm-6 col-md-6 \"><div  class=\"row space-bottom\"> <div  class=\"col-sm-fit icon-column\"><i  class=\"fa icon fa-bomb bordered round color1\"><\/i><\/div> <div  class=\"col-sm\" data-type=\"column\"><h5  class=\"color2\"><span  style=\"color: rgb(173, 227, 31);\">\u00c4u\u00dfern Sie keine eigenen negativen Zahnarzterfahrungen!<\/span><\/h5> <p  class=\"\">Ihre Angst k\u00f6nnte sich auf Ihr Kind \u00fcbertragen.<\/p><\/div> <\/div><\/div> <div  class=\"col-sm-6 col-md-6 \"><div  class=\"row space-bottom\"> <div  class=\"col-sm-fit icon-column\"><i  class=\"fa icon fa-frown-o bordered round color3\"><\/i><\/div> <div  class=\"col-sm\" data-type=\"column\"><h5  class=\"color2\"><span  style=\"color: rgb(110, 170, 244);\">Vermeiden Sie Verneinungen!<\/span><\/h5> <div  class=\"row space-bottom force-align\"><div  class=\"col-xs-12 col-sm\" data-type=\"column\"><p  class=\"\">\u201eEs tut nicht weh\u201c bedeutet f\u00fcr das Kind \u201eEs k\u00f6nnte wehtun\u201c.<\/p><\/div><\/div><\/div> <\/div><\/div> <div  class=\"col-sm-6 col-md-6 \"><div  class=\"row space-bottom\"> <div  class=\"col-sm-fit icon-column\"><i  class=\"fa icon fa-hand-stop-o bordered round color4\"><\/i><\/div> <div  class=\"col-sm\" data-type=\"column\"><h5  class=\"color1\" style=\"margin-bottom: 16px;\"><span  style=\"color: rgb(133, 95, 168);\">\u00dcberlassen Sie bitte uns die F\u00fchrung Ihres Kindes!<\/span><\/h5> <p  class=\"\">Kinder k\u00f6nnen nicht auf zwei Erwachsene gleichzeitig h\u00f6ren.<\/p><\/div> <\/div><\/div> <div  class=\"col-sm-6 col-md-6 \"> <div  class=\"row space-bottom\"> <div  class=\"col-sm-fit icon-column\"> <i  class=\"fa icon fa-comment-o bordered round color1\"><\/i> <\/div> <div  class=\"col-sm\" data-type=\"column\"> <h5  class=\"color2\"><span  style=\"color: rgb(173, 227, 31);\">Lassen Sie Ihr Kind antworten!<\/span><\/h5> <div  class=\"row space-bottom force-align\"><div  class=\"col-xs-12 col-sm\" data-type=\"column\"><p  class=\"\">Das Kind sollte im Mittelpunkt stehen.<\/p><\/div><\/div><\/div> <\/div><\/div><div  class=\"col-sm-6 col-md-6 \"> <div  class=\"row space-bottom\"> <div  class=\"col-sm-fit icon-column\"> <i  class=\"fa icon fa-gift bordered round color2\"><\/i> <\/div> <div  class=\"col-sm\" data-type=\"column\"> <h5  class=\"color2\">Versprechen Sie keine Belohnungsgeschenke vor dem Praxisbesuch!<\/h5> <div  class=\"row space-bottom force-align\"><div  class=\"col-xs-12 col-sm\" data-type=\"column\"><p  class=\"\">Es k\u00f6nnte zus\u00e4tzlichen Druck auf Ihr Kind aus\u00fcben.<\/p><\/div><\/div><\/div> <\/div><\/div><div  class=\"col-sm-6 col-md-6 \"> <div  class=\"row space-bottom\"> <div  class=\"col-sm-fit icon-column\"> <i  class=\"fa icon fa-heart-o bordered round color3\"><\/i> <\/div> <div  class=\"col-sm\" data-type=\"column\"> <h5  class=\"color1\" style=\"margin-bottom: 16px;\"><span  style=\"color: rgb(110, 170, 244);\">Loben Sie Ihr Kind nach der Behandlung!<\/span><\/h5> <p  class=\"\">Es st\u00e4rkt sein Selbstvertrauen, neue Situationen zu meistern.<\/p><\/div> <\/div><\/div><\/div><\/div> <\/div>","protected":false},"excerpt":{"rendered":"<p>LiebeEltern, Beim ersten Termin haben Sie und ihr Kind die M\u00f6glichkeit, unsere Praxis und uns kennenzulernen und somit Vertrauen aufzubauen. Nach der zahn\u00e4rztlichen Diagnose und Einsch\u00e4tzung der Behandlungsbereitschaft Ihres Kindes werden in einem ausf\u00fchrlichen Beratungsgespr\u00e4ch die individuelle Therapie und weitere Betreuung gemeinsam geplant. In der Regel findet also beim 1. Besuch keine Zahnbehandlung Ihres Kindes&hellip; <br \/> <a class=\"read-more\" href=\"https:\/\/milchzahn-co.de\/neu\/der-1-besuch-bei-uns\/\">Weiterlesen<\/a><\/p>\n","protected":false},"author":1,"featured_media":0,"parent":0,"menu_order":0,"comment_status":"closed","ping_status":"closed","template":"pro\/page-templates\/full-width-page.php","meta":{"footnotes":""},"class_list":["post-696","page","type-page","status-publish","hentry"],"_links":{"self":[{"href":"https:\/\/milchzahn-co.de\/neu\/wp-json\/wp\/v2\/pages\/696","targetHints":{"allow":["GET"]}}],"collection":[{"href":"https:\/\/milchzahn-co.de\/neu\/wp-json\/wp\/v2\/pages"}],"about":[{"href":"https:\/\/milchzahn-co.de\/neu\/wp-json\/wp\/v2\/types\/page"}],"author":[{"embeddable":true,"href":"https:\/\/milchzahn-co.de\/neu\/wp-json\/wp\/v2\/users\/1"}],"replies":[{"embeddable":true,"href":"https:\/\/milchzahn-co.de\/neu\/wp-json\/wp\/v2\/comments?post=696"}],"version-history":[{"count":21,"href":"https:\/\/milchzahn-co.de\/neu\/wp-json\/wp\/v2\/pages\/696\/revisions"}],"predecessor-version":[{"id":1351,"href":"https:\/\/milchzahn-co.de\/neu\/wp-json\/wp\/v2\/pages\/696\/revisions\/1351"}],"wp:attachment":[{"href":"https:\/\/milchzahn-co.de\/neu\/wp-json\/wp\/v2\/media?parent=696"}],"curies":[{"name":"wp","href":"https:\/\/api.w.org\/{rel}","templated":true}]}}