{"id":732,"date":"2022-06-10T19:34:49","date_gmt":"2022-06-10T17:34:49","guid":{"rendered":"https:\/\/milchzahn-co.de\/neu\/?page_id=732"},"modified":"2022-09-28T18:44:53","modified_gmt":"2022-09-28T16:44:53","slug":"behandlungsraeume","status":"publish","type":"page","link":"https:\/\/milchzahn-co.de\/neu\/behandlungsraeume\/","title":{"rendered":"Behandlungsr\u00e4ume"},"content":{"rendered":"<div  data-label=\"behandlungszimmer\" data-id=\"overlappable--1\" data-export-id=\"overlappable-5\" data-category=\"overlappable\" class=\"overlappable-5 content-section content-section-spacing\" data-overlap=\"true\" id=\"behandlungszimmer\" style=\"background-color: rgb(255, 255, 255);\"><div  class=\"gridContainer\"> <div  data-type=\"row\" class=\"row shadow-medium bg-color-white center-sm content-center-sm\"><div  class=\"col-xs-12 col-sm-4 col-padding col-padding-xs bg-color-white col-md-4 \"> <div  class=\"row middle-sm\"><div  class=\"col-xs-12 col-sm-fit icon-column\"> <a data-cp-link=\"1\" href=\"#\" target=\"_self\" rel=\"noopener\"><i  class=\"fa icon fa-home small color2\"><\/i><\/a><\/div> <div  data-type=\"column\" class=\"col-xs-12 col-sm v-spacing\"><h5  class=\"\">\u201eBlaues Zimmer\u201c<\/h5><\/div> <\/div> <div  class=\"row\"> <div  class=\"col-xs-12 col-sm-12\" data-type=\"column\"> <img decoding=\"async\"  class=\"custom-image\" src=\"https:\/\/milchzahn-co.de\/neu\/wp-content\/uploads\/2022\/07\/cropped-015-scaled-1.jpg\" title=\"015\" alt=\"\"><img decoding=\"async\"  class=\"custom-image\" src=\"https:\/\/milchzahn-co.de\/wp-content\/uploads\/2022\/07\/cropped-cropped-015-scaled-1.jpg\" title=\"015\" alt=\"\"><p  class=\"\">Dies ist unser spezielles Kinderbehandlungszimmer. Hier befindet sich eine Behandlungsliege in Kindergr\u00f6\u00dfe mit versteckter Behandlungseinheit, d.h. nichts ist zu sehen, was an Zahnarzt erinnert. In allen Zimmern ist ein Deckenfernseher angebracht, auf dem spannende, altersgerechte Filme laufen, durch die sich auch unsere kleinen Patienten wunderbar ablenken lassen. In diesem Zimmer, das einen direkten Durchgang zum Aufwachraum besitzt, finden auch unsere Narkosen statt.<\/p> <\/div> <\/div><\/div><div  class=\"col-xs-12 col-sm-4 col-padding col-padding-xs bg-color-white col-md-4 \"> <div  class=\"row middle-sm\"><div  class=\"col-xs-12 col-sm-fit icon-column\"> <i  class=\"fa icon fa-home small color2\"><\/i><\/div> <div  data-type=\"column\" class=\"col-xs-12 col-sm v-spacing\"><h5  class=\"\">&nbsp;\u201eGr\u00fcnes Zimmer\u201c<\/h5><\/div> <\/div> <div  class=\"row\"> <div  class=\"col-xs-12 col-sm-12\" data-type=\"column\"> <img decoding=\"async\"  class=\"custom-image\" src=\"https:\/\/milchzahn-co.de\/neu\/wp-content\/uploads\/2022\/06\/cropped-009-scaled-1.jpg\" title=\"009\" alt=\"\"><p  class=\"\">Dies ist unser \u201egr\u00fcnes\u201c Behandlungszimmer, in dem sich sowohl die kleinen als auch die etwas \u201egr\u00f6\u00dferen\u201c Kinder wohl f\u00fchlen k\u00f6nnen. Es hat einen Deckenfernseher, auf dem zur Ablenkung lustige Filme laufen, und ist f\u00fcr die Prophylaxe und Zahnbehandlung gedacht.<\/p> <img decoding=\"async\"  class=\"custom-image\" src=\"https:\/\/milchzahn-co.de\/wp-content\/uploads\/2022\/06\/cropped-cropped-009-scaled-1.jpg\" title=\"009\" alt=\"\"><\/div> <\/div><\/div><div  class=\"col-xs-12 col-sm-4 col-padding col-padding-xs bg-color-white col-md-4 \"> <div  class=\"row middle-sm\"><div  class=\"col-xs-12 col-sm-fit icon-column\"> <i  class=\"fa icon fa-home small color2\"><\/i><\/div> <div  data-type=\"column\" class=\"col-xs-12 col-sm v-spacing\"><h5  class=\"\">\u201eLeo Zimmer\u201c<\/h5><\/div> <\/div> <div  class=\"row\"> <div  class=\"col-xs-12 col-sm-12\" data-type=\"column\"> <img decoding=\"async\"  class=\"custom-image\" src=\"https:\/\/milchzahn-co.de\/neu\/wp-content\/uploads\/2022\/06\/cropped-001-scaled-1.jpg\" title=\"001\" alt=\"\"><img decoding=\"async\"  class=\"custom-image\" src=\"https:\/\/milchzahn-co.de\/wp-content\/uploads\/2022\/08\/cropped-013-scaled-1.jpg\" title=\"013\" alt=\"\"><p  class=\"\">Unser Leo Zimmer ist unser gr\u00f6\u00dftes Behandlungszimmer und perfekt an die Behandlung unserer gr\u00f6\u00dferen aber auch kleinen Patienten angepasst. Es hat ebenfalls einen Deckenfernseher und ist wie das \u201egr\u00fcne\u201c Zimmer f\u00fcr die Prophylaxe und Zahnbehandlung gedacht.<\/p> <\/div> <\/div><\/div><div  class=\"col-xs-12 col-sm-4 col-padding col-padding-xs bg-color-white col-md-4 \"> <div  class=\"row middle-sm\"><div  class=\"col-xs-12 col-sm-fit icon-column\"> <i  class=\"fa icon fa-info-circle small color2\"><\/i><\/div> <div  data-type=\"column\" class=\"col-xs-12 col-sm v-spacing\"><h5  class=\"\">Anmeldebereich<\/h5><\/div> <\/div> <div  class=\"row\"> <div  class=\"col-xs-12 col-sm-12\" data-type=\"column\"> <img decoding=\"async\"  class=\"custom-image\" src=\"https:\/\/milchzahn-co.de\/neu\/wp-content\/uploads\/2022\/07\/cropped-007-scaled-1.jpg\" title=\"007\" alt=\"\"><p  class=\"\">An unserem farbenfroh illuminierten Empfangstresen hei\u00dfen wir unsere Patienten herzlich willkommen.<\/p> <img decoding=\"async\"  class=\"custom-image\" src=\"https:\/\/milchzahn-co.de\/wp-content\/uploads\/2022\/07\/cropped-cropped-007-scaled-1.jpg\" title=\"007\" alt=\"\"><\/div> <\/div><\/div>   <div  class=\"col-xs-12 col-sm-4 col-padding col-padding-xs bg-color-white col-md-4 \"> <div  class=\"row middle-sm\"><div  class=\"col-xs-12 col-sm-fit icon-column\"> <i  class=\"fa icon fa-child small color2\"><\/i><\/div> <div  data-type=\"column\" class=\"col-xs-12 col-sm v-spacing\"><h5  class=\"\">Wartebereich<\/h5><\/div> <\/div> <div  class=\"row\"> <div  class=\"col-xs-12 col-sm-12\" data-type=\"column\"> <img decoding=\"async\"  class=\"custom-image\" src=\"https:\/\/milchzahn-co.de\/neu\/wp-content\/uploads\/2022\/06\/cropped-005-scaled-1.jpg\" title=\"005\" alt=\"\"><img decoding=\"async\"  class=\"custom-image\" src=\"https:\/\/milchzahn-co.de\/wp-content\/uploads\/2022\/08\/cropped-006-scaled-1.jpg\" title=\"006\" alt=\"\"><p  class=\"\">Unser Wartebereich ist ein wunderbar gem\u00fctlicher Raum, der zum Spielen, Lesen und Ausruhen einl\u00e4dt. Vor der Behandlung sollen die Kinder hier zur Ruhe kommen k\u00f6nnen und entspannen.<\/p> <\/div> <\/div><\/div><div  class=\"col-xs-12 col-sm-4 col-padding col-padding-xs bg-color-white col-md-4 \"> <div  class=\"row middle-sm\"><div  class=\"col-xs-12 col-sm-fit icon-column\"> <i  class=\"fa icon fa-bed small color2\"><\/i><\/div> <div  data-type=\"column\" class=\"col-xs-12 col-sm v-spacing\"><h5  class=\"\">Aufwachraum<\/h5><\/div> <\/div> <div  class=\"row\"> <div  class=\"col-xs-12 col-sm-12\" data-type=\"column\"> <img decoding=\"async\"  class=\"custom-image\" src=\"https:\/\/milchzahn-co.de\/neu\/wp-content\/uploads\/2022\/08\/cropped-aufwachraum.png\" title=\"cropped-aufwachraum.png\" alt=\"\"><p  class=\"\">Hier d\u00fcrfen unsere kleinen Patienten nach der Narkose im Beisein Ihrer Eltern in einem gem\u00fctlichen Bettchen ausschlafen und langsam aufwachen. W\u00e4hrend der gesamten Zeit werden Sie von unserem An\u00e4sthesieteam \u00fcberwacht und betreut.<\/p><img decoding=\"async\"  class=\"custom-image\" src=\"https:\/\/milchzahn-co.de\/wp-content\/uploads\/2022\/08\/cropped-aufwachraum-1.png\" title=\"cropped-aufwachraum-1.png\" alt=\"\"> <\/div> <\/div><\/div><\/div><\/div> <\/div>","protected":false},"excerpt":{"rendered":"<p>\u201eBlaues Zimmer\u201c Dies ist unser spezielles Kinderbehandlungszimmer. Hier befindet sich eine Behandlungsliege in Kindergr\u00f6\u00dfe mit versteckter Behandlungseinheit, d.h. nichts ist zu sehen, was an Zahnarzt erinnert. In allen Zimmern ist ein Deckenfernseher angebracht, auf dem spannende, altersgerechte Filme laufen, durch die sich auch unsere kleinen Patienten wunderbar ablenken lassen. In diesem Zimmer, das einen direkten&hellip; <br \/> <a class=\"read-more\" href=\"https:\/\/milchzahn-co.de\/neu\/behandlungsraeume\/\">Weiterlesen<\/a><\/p>\n","protected":false},"author":1,"featured_media":0,"parent":0,"menu_order":0,"comment_status":"closed","ping_status":"closed","template":"pro\/page-templates\/full-width-page.php","meta":{"footnotes":""},"class_list":["post-732","page","type-page","status-publish","hentry"],"_links":{"self":[{"href":"https:\/\/milchzahn-co.de\/neu\/wp-json\/wp\/v2\/pages\/732","targetHints":{"allow":["GET"]}}],"collection":[{"href":"https:\/\/milchzahn-co.de\/neu\/wp-json\/wp\/v2\/pages"}],"about":[{"href":"https:\/\/milchzahn-co.de\/neu\/wp-json\/wp\/v2\/types\/page"}],"author":[{"embeddable":true,"href":"https:\/\/milchzahn-co.de\/neu\/wp-json\/wp\/v2\/users\/1"}],"replies":[{"embeddable":true,"href":"https:\/\/milchzahn-co.de\/neu\/wp-json\/wp\/v2\/comments?post=732"}],"version-history":[{"count":8,"href":"https:\/\/milchzahn-co.de\/neu\/wp-json\/wp\/v2\/pages\/732\/revisions"}],"predecessor-version":[{"id":1143,"href":"https:\/\/milchzahn-co.de\/neu\/wp-json\/wp\/v2\/pages\/732\/revisions\/1143"}],"wp:attachment":[{"href":"https:\/\/milchzahn-co.de\/neu\/wp-json\/wp\/v2\/media?parent=732"}],"curies":[{"name":"wp","href":"https:\/\/api.w.org\/{rel}","templated":true}]}}