{"id":982,"date":"2022-08-05T14:47:47","date_gmt":"2022-08-05T12:47:47","guid":{"rendered":"https:\/\/milchzahn-co.de\/neu\/?page_id=982"},"modified":"2025-12-09T11:52:08","modified_gmt":"2025-12-09T10:52:08","slug":"downloads","status":"publish","type":"page","link":"https:\/\/milchzahn-co.de\/neu\/downloads\/","title":{"rendered":"Downloads"},"content":{"rendered":"<div  data-label=\"Portfolio\" data-id=\"portfolio--1\" data-export-id=\"portfolio-5\" data-category=\"portfolio\" class=\"portfolio-5 content-section content-section-spacing\" id=\"portfolio-1\" style=\"background-color: rgb(255, 255, 255);\"><div  class=\"gridContainer\"> <div  class=\"row text-center\"><div  class=\"section-title-col\" data-type=\"column\"> <h2  class=\"\">Formulare zum Download<\/h2> <p  class=\"lead\">Um optimal auf Ihren Besuch bzw. den Besuch Ihres Kindes in unserer Praxis vorbereitet zu sein, k\u00f6nnen Sie sich gerne im Vorfeld die erforderlichen Formulare herunterladen und ausgef\u00fcllt zum Termin mitbringen.<\/p><\/div> <\/div> <div  class=\"row space-bottom spaced-cols center-sm\" data-type=\"row\"> <div  class=\"col-xs-12 col-sm-4 text-center col-md-3 \"> <div  class=\"card no-padding bordered\"> <div  data-hover-fx=\"portfolio-6\" class=\"contentswap-effect\"> <div  class=\"initial-image\"> <img  decoding=\"async\" data-size=\"500x333\" src=\"https:\/\/milchzahn-co.de\/wp-content\/uploads\/2022\/06\/cropped-news-1.jpg\"><\/div> <div  class=\"overlay bg-color6\"><\/div> <div  class=\"swap-inner col-xs-12\"> <div  class=\"row full-height-row middle-xs middle-sm\"> <div  class=\"col-xs-12 text-center content-holder\"> <a  class=\"button small color2\" href=\"https:\/\/milchzahn-co.de\/wp-content\/uploads\/2025\/03\/Aufnahmebogen-1.pdf\" target=\"_blank\" data-cp-link=\"1\" data-icon=\"\" rel=\"noopener\">Aufnahmebogen<\/a><\/div> <\/div><\/div> <\/div> <div  class=\"col-xs-12\"> <div  class=\"space-bottom space-top\" data-type=\"column\">  <h3  class=\"\"><span  style=\"font-family: Muli, arial, helvetica, sans-serif;\">Aufnahmebogen f\u00fcr den 1. Besuch bei uns<\/span><\/h3><p  class=\"small italic\">Dieses Formular ist zwingend erforderlich beim ersten Besuch in unserer Praxis. Au\u00dferdem m\u00fcssen wir regelm\u00e4\u00dfig die Daten unserer Patienten aktualisieren und abgleichen.&nbsp;<\/p><\/div> <\/div><\/div> <\/div>  <div  class=\"col-xs-12 col-sm-4 text-center col-md-3 \"> <div  class=\"card no-padding bordered\"> <div  data-hover-fx=\"portfolio-6\" class=\"contentswap-effect\"> <div  class=\"initial-image\"> <img  decoding=\"async\" data-size=\"500x333\" src=\"https:\/\/milchzahn-co.de\/wp-content\/uploads\/2022\/06\/cropped-kinderbehandlung-2.jpg\"><\/div> <div  class=\"overlay bg-color6\"><\/div> <div  class=\"swap-inner col-xs-12\"> <div  class=\"row full-height-row middle-xs middle-sm\"> <div  class=\"col-xs-12 text-center content-holder\"> <a  class=\"button small color4\" href=\"https:\/\/milchzahn-co.de\/wp-content\/uploads\/2024\/04\/Vollmacht.pdf\" target=\"_blank\" data-cp-link=\"1\" data-icon=\"\" rel=\"noopener\">Vollmacht<\/a><\/div> <\/div><\/div> <\/div> <div  class=\"col-xs-12\"> <div  class=\"space-bottom space-top\" data-type=\"column\">  <h3  class=\"\">Vollmacht<\/h3><p  class=\"small italic\">Ihr Kind kommt ohne Begleitung zu uns? Kein Problem!\n<br >Mit einer unterschriebenen Vollmacht k\u00f6nnen wir auch ohne Ihr Beisein alle erforderlichen Behandlungen bei Ihrem Kind durchf\u00fchren (F\u00fcllungen, Versiegelungen).\n<br >Sollten R\u00f6ntgenaufnahmen notwendig sein, sind diese bei Minderj\u00e4hrigen ebenfalls nur mit Zustimmung (schriftlich oder m\u00fcndlich) der Erziehungsberechtigten m\u00f6glich.<\/p><\/div> <\/div><\/div> <\/div><div  class=\"col-xs-12 col-sm-4 text-center col-md-3\"> <div  class=\"card no-padding bordered\"> <div  data-hover-fx=\"portfolio-6\" class=\"contentswap-effect\"> <div  class=\"initial-image\"> <img  decoding=\"async\" data-size=\"500x333\" src=\"https:\/\/milchzahn-co.de\/wp-content\/uploads\/2022\/06\/cropped-06-1.jpg\"><\/div> <div  class=\"overlay bg-color6\"><\/div> <div  class=\"swap-inner col-xs-12\"> <div  class=\"row full-height-row middle-xs middle-sm\"> <div  class=\"col-xs-12 text-center content-holder\"> <a  class=\"button small color1\" href=\"https:\/\/milchzahn-co.de\/wp-content\/uploads\/2022\/08\/ABZ.pdf\" target=\"_blank\" data-cp-link=\"1\" data-icon=\"\" rel=\"noopener\">Abrechenzentrum ABZ<\/a><\/div> <\/div><\/div> <\/div> <div  class=\"col-xs-12\"> <div  class=\"space-bottom space-top\" data-type=\"column\">  <h3  class=\"\">Abrechenzentrum ABZ<\/h3><p  class=\"small italic\">Sowohl bei Privatversicherten als auch bei gesetzlich Versicherten Patienten (wenn die Leistung \u00fcber die von der gesetzlichen Versicherung \u00fcbernommenen Leistungen hinaus geht), ben\u00f6tigen wir die Zustimmung zur Abrechnung \u00fcber unser Abrechenzentrum ABZ.<\/p><\/div> <\/div><\/div> <\/div><div  class=\"col-xs-12 col-sm-4 text-center col-md-3\"> <div  class=\"card no-padding bordered\"> <div  data-hover-fx=\"portfolio-6\" class=\"contentswap-effect\"> <div  class=\"initial-image\"> <img  decoding=\"async\" data-size=\"500x333\" src=\"https:\/\/milchzahn-co.de\/wp-content\/uploads\/2022\/06\/cropped-cropped-01-2.jpg\"><\/div> <div  class=\"overlay bg-color6\"><\/div> <div  class=\"swap-inner col-xs-12\"> <div  class=\"row full-height-row middle-xs middle-sm\"> <div  class=\"col-xs-12 text-center content-holder\"> <a  class=\"button small color5 dark-text\" href=\"https:\/\/milchzahn-co.de\/wp-content\/uploads\/2025\/12\/Ernaehrung-Mundhygiene.pdf\" target=\"_blank\" data-cp-link=\"1\" data-icon=\"\" rel=\"noopener\">Fragebogen zur Ern\u00e4hrung<\/a><\/div> <\/div><\/div> <\/div> <div  class=\"col-xs-12\"> <div  class=\"space-bottom space-top\" data-type=\"column\">  <h3  class=\"\"><span  style=\"font-family: Muli, arial, helvetica, sans-serif;\">Fragebogen zu Ern\u00e4hrung und Putzverhalten<\/span><\/h3><p  class=\"small italic\"><\/p><\/div> <\/div><\/div> <\/div><\/div> <div  class=\"row\"><div  data-type=\"column\" class=\"col-xs-12 text-center\"><p  class=\"\">&nbsp;<\/p> <\/div> <\/div><\/div> <\/div>","protected":false},"excerpt":{"rendered":"<p>Formulare zum Download Um optimal auf Ihren Besuch bzw. den Besuch Ihres Kindes in unserer Praxis vorbereitet zu sein, k\u00f6nnen Sie sich gerne im Vorfeld die erforderlichen Formulare herunterladen und ausgef\u00fcllt zum Termin mitbringen. Aufnahmebogen Aufnahmebogen f\u00fcr den 1. Besuch bei unsDieses Formular ist zwingend erforderlich beim ersten Besuch in unserer Praxis. Au\u00dferdem m\u00fcssen wir&hellip; <br \/> <a class=\"read-more\" href=\"https:\/\/milchzahn-co.de\/neu\/downloads\/\">Weiterlesen<\/a><\/p>\n","protected":false},"author":1,"featured_media":0,"parent":0,"menu_order":0,"comment_status":"closed","ping_status":"closed","template":"pro\/page-templates\/full-width-page.php","meta":{"footnotes":""},"class_list":["post-982","page","type-page","status-publish","hentry"],"_links":{"self":[{"href":"https:\/\/milchzahn-co.de\/neu\/wp-json\/wp\/v2\/pages\/982","targetHints":{"allow":["GET"]}}],"collection":[{"href":"https:\/\/milchzahn-co.de\/neu\/wp-json\/wp\/v2\/pages"}],"about":[{"href":"https:\/\/milchzahn-co.de\/neu\/wp-json\/wp\/v2\/types\/page"}],"author":[{"embeddable":true,"href":"https:\/\/milchzahn-co.de\/neu\/wp-json\/wp\/v2\/users\/1"}],"replies":[{"embeddable":true,"href":"https:\/\/milchzahn-co.de\/neu\/wp-json\/wp\/v2\/comments?post=982"}],"version-history":[{"count":13,"href":"https:\/\/milchzahn-co.de\/neu\/wp-json\/wp\/v2\/pages\/982\/revisions"}],"predecessor-version":[{"id":1356,"href":"https:\/\/milchzahn-co.de\/neu\/wp-json\/wp\/v2\/pages\/982\/revisions\/1356"}],"wp:attachment":[{"href":"https:\/\/milchzahn-co.de\/neu\/wp-json\/wp\/v2\/media?parent=982"}],"curies":[{"name":"wp","href":"https:\/\/api.w.org\/{rel}","templated":true}]}}